{"id":13,"date":"2019-08-27T16:52:05","date_gmt":"2019-08-27T14:52:05","guid":{"rendered":"http:\/\/shibartpro.pl\/?page_id=13"},"modified":"2019-08-27T16:52:05","modified_gmt":"2019-08-27T14:52:05","slug":"sekcja-strony-glownej","status":"publish","type":"page","link":"https:\/\/shibartpro.pl\/index.php\/sekcja-strony-glownej\/","title":{"rendered":"Sekcja strony g\u0142\u00f3wnej"},"content":{"rendered":"<p>To jest przyk\u0142ad sekcji strony g\u0142\u00f3wnej. Sekcja ta mo\u017ce by\u0107 na dowolnej stronie opr\u00f3cz strony g\u0142\u00f3wnej, w\u0142\u0105czaj\u0105c to stron\u0119 prezentuj\u0105c\u0105 ostatnie wpisy.<\/p>\n","protected":false},"excerpt":{"rendered":"<p>To jest przyk\u0142ad sekcji strony g\u0142\u00f3wnej. Sekcja ta mo\u017ce by\u0107 na dowolnej stronie opr\u00f3cz strony g\u0142\u00f3wnej, w\u0142\u0105czaj\u0105c to stron\u0119 prezentuj\u0105c\u0105 ostatnie wpisy.<\/p>\n","protected":false},"author":1,"featured_media":6,"parent":0,"menu_order":0,"comment_status":"closed","ping_status":"closed","template":"","meta":{"footnotes":""},"class_list":["post-13","page","type-page","status-publish","has-post-thumbnail","hentry"],"yoast_head":"<!-- This site is optimized with the Yoast SEO plugin v24.6 - https:\/\/yoast.com\/wordpress\/plugins\/seo\/ -->\n<title>Sekcja strony g\u0142\u00f3wnej - SHIBART-PRO<\/title>\n<meta name=\"robots\" content=\"index, follow, max-snippet:-1, max-image-preview:large, max-video-preview:-1\" \/>\n<link rel=\"canonical\" href=\"https:\/\/shibartpro.pl\/index.php\/sekcja-strony-glownej\/\" \/>\n<meta property=\"og:locale\" content=\"pl_PL\" \/>\n<meta property=\"og:type\" content=\"article\" \/>\n<meta property=\"og:title\" content=\"Sekcja strony g\u0142\u00f3wnej - SHIBART-PRO\" \/>\n<meta property=\"og:description\" content=\"To jest przyk\u0142ad sekcji strony g\u0142\u00f3wnej. Sekcja ta mo\u017ce by\u0107 na dowolnej stronie opr\u00f3cz strony g\u0142\u00f3wnej, w\u0142\u0105czaj\u0105c to stron\u0119 prezentuj\u0105c\u0105 ostatnie wpisy.\" \/>\n<meta property=\"og:url\" content=\"https:\/\/shibartpro.pl\/index.php\/sekcja-strony-glownej\/\" \/>\n<meta property=\"og:site_name\" content=\"SHIBART-PRO\" \/>\n<meta property=\"og:image\" content=\"https:\/\/shibartpro.pl\/wp-content\/uploads\/2019\/08\/espresso.jpg\" \/>\n\t<meta property=\"og:image:width\" content=\"2000\" \/>\n\t<meta property=\"og:image:height\" content=\"1200\" \/>\n\t<meta property=\"og:image:type\" content=\"image\/jpeg\" \/>\n<meta name=\"twitter:card\" content=\"summary_large_image\" \/>\n<script type=\"application\/ld+json\" class=\"yoast-schema-graph\">{\"@context\":\"https:\/\/schema.org\",\"@graph\":[{\"@type\":\"WebPage\",\"@id\":\"https:\/\/shibartpro.pl\/index.php\/sekcja-strony-glownej\/\",\"url\":\"https:\/\/shibartpro.pl\/index.php\/sekcja-strony-glownej\/\",\"name\":\"Sekcja strony g\u0142\u00f3wnej - SHIBART-PRO\",\"isPartOf\":{\"@id\":\"https:\/\/shibartpro.pl\/#website\"},\"primaryImageOfPage\":{\"@id\":\"https:\/\/shibartpro.pl\/index.php\/sekcja-strony-glownej\/#primaryimage\"},\"image\":{\"@id\":\"https:\/\/shibartpro.pl\/index.php\/sekcja-strony-glownej\/#primaryimage\"},\"thumbnailUrl\":\"https:\/\/shibartpro.pl\/wp-content\/uploads\/2019\/08\/espresso.jpg\",\"datePublished\":\"2019-08-27T14:52:05+00:00\",\"breadcrumb\":{\"@id\":\"https:\/\/shibartpro.pl\/index.php\/sekcja-strony-glownej\/#breadcrumb\"},\"inLanguage\":\"pl-PL\",\"potentialAction\":[{\"@type\":\"ReadAction\",\"target\":[\"https:\/\/shibartpro.pl\/index.php\/sekcja-strony-glownej\/\"]}]},{\"@type\":\"ImageObject\",\"inLanguage\":\"pl-PL\",\"@id\":\"https:\/\/shibartpro.pl\/index.php\/sekcja-strony-glownej\/#primaryimage\",\"url\":\"https:\/\/shibartpro.pl\/wp-content\/uploads\/2019\/08\/espresso.jpg\",\"contentUrl\":\"https:\/\/shibartpro.pl\/wp-content\/uploads\/2019\/08\/espresso.jpg\",\"width\":2000,\"height\":1200},{\"@type\":\"BreadcrumbList\",\"@id\":\"https:\/\/shibartpro.pl\/index.php\/sekcja-strony-glownej\/#breadcrumb\",\"itemListElement\":[{\"@type\":\"ListItem\",\"position\":1,\"name\":\"Strona g\u0142\u00f3wna\",\"item\":\"https:\/\/shibartpro.pl\/\"},{\"@type\":\"ListItem\",\"position\":2,\"name\":\"Sekcja strony g\u0142\u00f3wnej\"}]},{\"@type\":\"WebSite\",\"@id\":\"https:\/\/shibartpro.pl\/#website\",\"url\":\"https:\/\/shibartpro.pl\/\",\"name\":\"SHIBART-PRO\",\"description\":\"\",\"publisher\":{\"@id\":\"https:\/\/shibartpro.pl\/#organization\"},\"potentialAction\":[{\"@type\":\"SearchAction\",\"target\":{\"@type\":\"EntryPoint\",\"urlTemplate\":\"https:\/\/shibartpro.pl\/?s={search_term_string}\"},\"query-input\":{\"@type\":\"PropertyValueSpecification\",\"valueRequired\":true,\"valueName\":\"search_term_string\"}}],\"inLanguage\":\"pl-PL\"},{\"@type\":\"Organization\",\"@id\":\"https:\/\/shibartpro.pl\/#organization\",\"name\":\"SHIBART-PRO\",\"url\":\"https:\/\/shibartpro.pl\/\",\"logo\":{\"@type\":\"ImageObject\",\"inLanguage\":\"pl-PL\",\"@id\":\"https:\/\/shibartpro.pl\/#\/schema\/logo\/image\/\",\"url\":\"https:\/\/shibartpro.pl\/wp-content\/uploads\/2019\/08\/Shibart-pro-logo.png\",\"contentUrl\":\"https:\/\/shibartpro.pl\/wp-content\/uploads\/2019\/08\/Shibart-pro-logo.png\",\"width\":422,\"height\":143,\"caption\":\"SHIBART-PRO\"},\"image\":{\"@id\":\"https:\/\/shibartpro.pl\/#\/schema\/logo\/image\/\"}}]}<\/script>\n<!-- \/ Yoast SEO plugin. -->","yoast_head_json":{"title":"Sekcja strony g\u0142\u00f3wnej - SHIBART-PRO","robots":{"index":"index","follow":"follow","max-snippet":"max-snippet:-1","max-image-preview":"max-image-preview:large","max-video-preview":"max-video-preview:-1"},"canonical":"https:\/\/shibartpro.pl\/index.php\/sekcja-strony-glownej\/","og_locale":"pl_PL","og_type":"article","og_title":"Sekcja strony g\u0142\u00f3wnej - SHIBART-PRO","og_description":"To jest przyk\u0142ad sekcji strony g\u0142\u00f3wnej. Sekcja ta mo\u017ce by\u0107 na dowolnej stronie opr\u00f3cz strony g\u0142\u00f3wnej, w\u0142\u0105czaj\u0105c to stron\u0119 prezentuj\u0105c\u0105 ostatnie wpisy.","og_url":"https:\/\/shibartpro.pl\/index.php\/sekcja-strony-glownej\/","og_site_name":"SHIBART-PRO","og_image":[{"width":2000,"height":1200,"url":"https:\/\/shibartpro.pl\/wp-content\/uploads\/2019\/08\/espresso.jpg","type":"image\/jpeg"}],"twitter_card":"summary_large_image","schema":{"@context":"https:\/\/schema.org","@graph":[{"@type":"WebPage","@id":"https:\/\/shibartpro.pl\/index.php\/sekcja-strony-glownej\/","url":"https:\/\/shibartpro.pl\/index.php\/sekcja-strony-glownej\/","name":"Sekcja strony g\u0142\u00f3wnej - SHIBART-PRO","isPartOf":{"@id":"https:\/\/shibartpro.pl\/#website"},"primaryImageOfPage":{"@id":"https:\/\/shibartpro.pl\/index.php\/sekcja-strony-glownej\/#primaryimage"},"image":{"@id":"https:\/\/shibartpro.pl\/index.php\/sekcja-strony-glownej\/#primaryimage"},"thumbnailUrl":"https:\/\/shibartpro.pl\/wp-content\/uploads\/2019\/08\/espresso.jpg","datePublished":"2019-08-27T14:52:05+00:00","breadcrumb":{"@id":"https:\/\/shibartpro.pl\/index.php\/sekcja-strony-glownej\/#breadcrumb"},"inLanguage":"pl-PL","potentialAction":[{"@type":"ReadAction","target":["https:\/\/shibartpro.pl\/index.php\/sekcja-strony-glownej\/"]}]},{"@type":"ImageObject","inLanguage":"pl-PL","@id":"https:\/\/shibartpro.pl\/index.php\/sekcja-strony-glownej\/#primaryimage","url":"https:\/\/shibartpro.pl\/wp-content\/uploads\/2019\/08\/espresso.jpg","contentUrl":"https:\/\/shibartpro.pl\/wp-content\/uploads\/2019\/08\/espresso.jpg","width":2000,"height":1200},{"@type":"BreadcrumbList","@id":"https:\/\/shibartpro.pl\/index.php\/sekcja-strony-glownej\/#breadcrumb","itemListElement":[{"@type":"ListItem","position":1,"name":"Strona g\u0142\u00f3wna","item":"https:\/\/shibartpro.pl\/"},{"@type":"ListItem","position":2,"name":"Sekcja strony g\u0142\u00f3wnej"}]},{"@type":"WebSite","@id":"https:\/\/shibartpro.pl\/#website","url":"https:\/\/shibartpro.pl\/","name":"SHIBART-PRO","description":"","publisher":{"@id":"https:\/\/shibartpro.pl\/#organization"},"potentialAction":[{"@type":"SearchAction","target":{"@type":"EntryPoint","urlTemplate":"https:\/\/shibartpro.pl\/?s={search_term_string}"},"query-input":{"@type":"PropertyValueSpecification","valueRequired":true,"valueName":"search_term_string"}}],"inLanguage":"pl-PL"},{"@type":"Organization","@id":"https:\/\/shibartpro.pl\/#organization","name":"SHIBART-PRO","url":"https:\/\/shibartpro.pl\/","logo":{"@type":"ImageObject","inLanguage":"pl-PL","@id":"https:\/\/shibartpro.pl\/#\/schema\/logo\/image\/","url":"https:\/\/shibartpro.pl\/wp-content\/uploads\/2019\/08\/Shibart-pro-logo.png","contentUrl":"https:\/\/shibartpro.pl\/wp-content\/uploads\/2019\/08\/Shibart-pro-logo.png","width":422,"height":143,"caption":"SHIBART-PRO"},"image":{"@id":"https:\/\/shibartpro.pl\/#\/schema\/logo\/image\/"}}]}},"_links":{"self":[{"href":"https:\/\/shibartpro.pl\/index.php\/wp-json\/wp\/v2\/pages\/13","targetHints":{"allow":["GET"]}}],"collection":[{"href":"https:\/\/shibartpro.pl\/index.php\/wp-json\/wp\/v2\/pages"}],"about":[{"href":"https:\/\/shibartpro.pl\/index.php\/wp-json\/wp\/v2\/types\/page"}],"author":[{"embeddable":true,"href":"https:\/\/shibartpro.pl\/index.php\/wp-json\/wp\/v2\/users\/1"}],"replies":[{"embeddable":true,"href":"https:\/\/shibartpro.pl\/index.php\/wp-json\/wp\/v2\/comments?post=13"}],"version-history":[{"count":1,"href":"https:\/\/shibartpro.pl\/index.php\/wp-json\/wp\/v2\/pages\/13\/revisions"}],"predecessor-version":[{"id":20,"href":"https:\/\/shibartpro.pl\/index.php\/wp-json\/wp\/v2\/pages\/13\/revisions\/20"}],"wp:featuredmedia":[{"embeddable":true,"href":"https:\/\/shibartpro.pl\/index.php\/wp-json\/wp\/v2\/media\/6"}],"wp:attachment":[{"href":"https:\/\/shibartpro.pl\/index.php\/wp-json\/wp\/v2\/media?parent=13"}],"curies":[{"name":"wp","href":"https:\/\/api.w.org\/{rel}","templated":true}]}}