{"id":61,"date":"2019-08-27T21:46:46","date_gmt":"2019-08-27T19:46:46","guid":{"rendered":"http:\/\/shibartpro.pl\/?page_id=61"},"modified":"2019-08-27T21:51:30","modified_gmt":"2019-08-27T19:51:30","slug":"o-nas-2","status":"publish","type":"page","link":"https:\/\/shibartpro.pl\/index.php\/o-nas-2\/","title":{"rendered":"O nas"},"content":{"rendered":"\n<p>Ambitny i do\u015bwiadczony zesp\u00f3\u0142 z innowacyjnym podej\u015bciem do reklamy wielkoformatowej.<\/p>\n\n\n\n<p>Specjalizujemy si\u0119 w reklamie ATL jak i wielkoformatowej na samochodach ci\u0119\u017carowych.<\/p>\n\n\n\n<p>Pracujemy dla najwi\u0119kszych marek i agencji reklamowych.<\/p>\n","protected":false},"excerpt":{"rendered":"<p>Ambitny i do\u015bwiadczony zesp\u00f3\u0142 z innowacyjnym podej\u015bciem do reklamy wielkoformatowej. Specjalizujemy si\u0119 w reklamie ATL jak i wielkoformatowej na samochodach ci\u0119\u017carowych. Pracujemy dla najwi\u0119kszych marek i agencji reklamowych.<\/p>\n","protected":false},"author":1,"featured_media":0,"parent":0,"menu_order":0,"comment_status":"closed","ping_status":"closed","template":"","meta":{"footnotes":""},"class_list":["post-61","page","type-page","status-publish","hentry"],"yoast_head":"<!-- This site is optimized with the Yoast SEO plugin v24.6 - https:\/\/yoast.com\/wordpress\/plugins\/seo\/ -->\n<title>O nas - SHIBART-PRO<\/title>\n<meta name=\"robots\" content=\"index, follow, max-snippet:-1, max-image-preview:large, max-video-preview:-1\" \/>\n<link rel=\"canonical\" href=\"https:\/\/shibartpro.pl\/index.php\/o-nas-2\/\" \/>\n<meta property=\"og:locale\" content=\"pl_PL\" \/>\n<meta property=\"og:type\" content=\"article\" \/>\n<meta property=\"og:title\" content=\"O nas - SHIBART-PRO\" \/>\n<meta property=\"og:description\" content=\"Ambitny i do\u015bwiadczony zesp\u00f3\u0142 z innowacyjnym podej\u015bciem do reklamy wielkoformatowej. Specjalizujemy si\u0119 w reklamie ATL jak i wielkoformatowej na samochodach ci\u0119\u017carowych. Pracujemy dla najwi\u0119kszych marek i agencji reklamowych.\" \/>\n<meta property=\"og:url\" content=\"https:\/\/shibartpro.pl\/index.php\/o-nas-2\/\" \/>\n<meta property=\"og:site_name\" content=\"SHIBART-PRO\" \/>\n<meta property=\"article:modified_time\" content=\"2019-08-27T19:51:30+00:00\" \/>\n<meta name=\"twitter:card\" content=\"summary_large_image\" \/>\n<script type=\"application\/ld+json\" class=\"yoast-schema-graph\">{\"@context\":\"https:\/\/schema.org\",\"@graph\":[{\"@type\":\"WebPage\",\"@id\":\"https:\/\/shibartpro.pl\/index.php\/o-nas-2\/\",\"url\":\"https:\/\/shibartpro.pl\/index.php\/o-nas-2\/\",\"name\":\"O nas - SHIBART-PRO\",\"isPartOf\":{\"@id\":\"https:\/\/shibartpro.pl\/#website\"},\"datePublished\":\"2019-08-27T19:46:46+00:00\",\"dateModified\":\"2019-08-27T19:51:30+00:00\",\"breadcrumb\":{\"@id\":\"https:\/\/shibartpro.pl\/index.php\/o-nas-2\/#breadcrumb\"},\"inLanguage\":\"pl-PL\",\"potentialAction\":[{\"@type\":\"ReadAction\",\"target\":[\"https:\/\/shibartpro.pl\/index.php\/o-nas-2\/\"]}]},{\"@type\":\"BreadcrumbList\",\"@id\":\"https:\/\/shibartpro.pl\/index.php\/o-nas-2\/#breadcrumb\",\"itemListElement\":[{\"@type\":\"ListItem\",\"position\":1,\"name\":\"Strona g\u0142\u00f3wna\",\"item\":\"https:\/\/shibartpro.pl\/\"},{\"@type\":\"ListItem\",\"position\":2,\"name\":\"O nas\"}]},{\"@type\":\"WebSite\",\"@id\":\"https:\/\/shibartpro.pl\/#website\",\"url\":\"https:\/\/shibartpro.pl\/\",\"name\":\"SHIBART-PRO\",\"description\":\"\",\"publisher\":{\"@id\":\"https:\/\/shibartpro.pl\/#organization\"},\"potentialAction\":[{\"@type\":\"SearchAction\",\"target\":{\"@type\":\"EntryPoint\",\"urlTemplate\":\"https:\/\/shibartpro.pl\/?s={search_term_string}\"},\"query-input\":{\"@type\":\"PropertyValueSpecification\",\"valueRequired\":true,\"valueName\":\"search_term_string\"}}],\"inLanguage\":\"pl-PL\"},{\"@type\":\"Organization\",\"@id\":\"https:\/\/shibartpro.pl\/#organization\",\"name\":\"SHIBART-PRO\",\"url\":\"https:\/\/shibartpro.pl\/\",\"logo\":{\"@type\":\"ImageObject\",\"inLanguage\":\"pl-PL\",\"@id\":\"https:\/\/shibartpro.pl\/#\/schema\/logo\/image\/\",\"url\":\"https:\/\/shibartpro.pl\/wp-content\/uploads\/2019\/08\/Shibart-pro-logo.png\",\"contentUrl\":\"https:\/\/shibartpro.pl\/wp-content\/uploads\/2019\/08\/Shibart-pro-logo.png\",\"width\":422,\"height\":143,\"caption\":\"SHIBART-PRO\"},\"image\":{\"@id\":\"https:\/\/shibartpro.pl\/#\/schema\/logo\/image\/\"}}]}<\/script>\n<!-- \/ Yoast SEO plugin. -->","yoast_head_json":{"title":"O nas - SHIBART-PRO","robots":{"index":"index","follow":"follow","max-snippet":"max-snippet:-1","max-image-preview":"max-image-preview:large","max-video-preview":"max-video-preview:-1"},"canonical":"https:\/\/shibartpro.pl\/index.php\/o-nas-2\/","og_locale":"pl_PL","og_type":"article","og_title":"O nas - SHIBART-PRO","og_description":"Ambitny i do\u015bwiadczony zesp\u00f3\u0142 z innowacyjnym podej\u015bciem do reklamy wielkoformatowej. Specjalizujemy si\u0119 w reklamie ATL jak i wielkoformatowej na samochodach ci\u0119\u017carowych. Pracujemy dla najwi\u0119kszych marek i agencji reklamowych.","og_url":"https:\/\/shibartpro.pl\/index.php\/o-nas-2\/","og_site_name":"SHIBART-PRO","article_modified_time":"2019-08-27T19:51:30+00:00","twitter_card":"summary_large_image","schema":{"@context":"https:\/\/schema.org","@graph":[{"@type":"WebPage","@id":"https:\/\/shibartpro.pl\/index.php\/o-nas-2\/","url":"https:\/\/shibartpro.pl\/index.php\/o-nas-2\/","name":"O nas - SHIBART-PRO","isPartOf":{"@id":"https:\/\/shibartpro.pl\/#website"},"datePublished":"2019-08-27T19:46:46+00:00","dateModified":"2019-08-27T19:51:30+00:00","breadcrumb":{"@id":"https:\/\/shibartpro.pl\/index.php\/o-nas-2\/#breadcrumb"},"inLanguage":"pl-PL","potentialAction":[{"@type":"ReadAction","target":["https:\/\/shibartpro.pl\/index.php\/o-nas-2\/"]}]},{"@type":"BreadcrumbList","@id":"https:\/\/shibartpro.pl\/index.php\/o-nas-2\/#breadcrumb","itemListElement":[{"@type":"ListItem","position":1,"name":"Strona g\u0142\u00f3wna","item":"https:\/\/shibartpro.pl\/"},{"@type":"ListItem","position":2,"name":"O nas"}]},{"@type":"WebSite","@id":"https:\/\/shibartpro.pl\/#website","url":"https:\/\/shibartpro.pl\/","name":"SHIBART-PRO","description":"","publisher":{"@id":"https:\/\/shibartpro.pl\/#organization"},"potentialAction":[{"@type":"SearchAction","target":{"@type":"EntryPoint","urlTemplate":"https:\/\/shibartpro.pl\/?s={search_term_string}"},"query-input":{"@type":"PropertyValueSpecification","valueRequired":true,"valueName":"search_term_string"}}],"inLanguage":"pl-PL"},{"@type":"Organization","@id":"https:\/\/shibartpro.pl\/#organization","name":"SHIBART-PRO","url":"https:\/\/shibartpro.pl\/","logo":{"@type":"ImageObject","inLanguage":"pl-PL","@id":"https:\/\/shibartpro.pl\/#\/schema\/logo\/image\/","url":"https:\/\/shibartpro.pl\/wp-content\/uploads\/2019\/08\/Shibart-pro-logo.png","contentUrl":"https:\/\/shibartpro.pl\/wp-content\/uploads\/2019\/08\/Shibart-pro-logo.png","width":422,"height":143,"caption":"SHIBART-PRO"},"image":{"@id":"https:\/\/shibartpro.pl\/#\/schema\/logo\/image\/"}}]}},"_links":{"self":[{"href":"https:\/\/shibartpro.pl\/index.php\/wp-json\/wp\/v2\/pages\/61","targetHints":{"allow":["GET"]}}],"collection":[{"href":"https:\/\/shibartpro.pl\/index.php\/wp-json\/wp\/v2\/pages"}],"about":[{"href":"https:\/\/shibartpro.pl\/index.php\/wp-json\/wp\/v2\/types\/page"}],"author":[{"embeddable":true,"href":"https:\/\/shibartpro.pl\/index.php\/wp-json\/wp\/v2\/users\/1"}],"replies":[{"embeddable":true,"href":"https:\/\/shibartpro.pl\/index.php\/wp-json\/wp\/v2\/comments?post=61"}],"version-history":[{"count":1,"href":"https:\/\/shibartpro.pl\/index.php\/wp-json\/wp\/v2\/pages\/61\/revisions"}],"predecessor-version":[{"id":62,"href":"https:\/\/shibartpro.pl\/index.php\/wp-json\/wp\/v2\/pages\/61\/revisions\/62"}],"wp:attachment":[{"href":"https:\/\/shibartpro.pl\/index.php\/wp-json\/wp\/v2\/media?parent=61"}],"curies":[{"name":"wp","href":"https:\/\/api.w.org\/{rel}","templated":true}]}}