{"id":9,"date":"2019-08-27T16:52:05","date_gmt":"2019-08-27T14:52:05","guid":{"rendered":"http:\/\/shibartpro.pl\/?page_id=9"},"modified":"2022-01-04T09:30:50","modified_gmt":"2022-01-04T08:30:50","slug":"strona-glowna","status":"publish","type":"page","link":"https:\/\/shibartpro.pl\/","title":{"rendered":"Oferujemy:"},"content":{"rendered":"<ul>\n<li>\n<h6><strong>Oryginalne cz\u0119\u015bci samochodowe do napraw powypadkowych.<\/strong><\/h6>\n<\/li>\n<li>\n<h6><strong style=\"font-size: inherit;\">Innowacyjne podej\u015bcie do reklamy wielkoformatowej.<\/strong><\/h6>\n<\/li>\n<\/ul>\n\n\n<hr class=\"wp-block-separator\"\/>\n\n\n\n<p><\/p>\n","protected":false},"excerpt":{"rendered":"<p>Oryginalne cz\u0119\u015bci samochodowe do napraw powypadkowych. Innowacyjne podej\u015bcie do reklamy wielkoformatowej.<\/p>\n","protected":false},"author":1,"featured_media":0,"parent":0,"menu_order":0,"comment_status":"closed","ping_status":"closed","template":"","meta":{"footnotes":""},"class_list":["post-9","page","type-page","status-publish","hentry"],"yoast_head":"<!-- This site is optimized with the Yoast SEO plugin v24.6 - https:\/\/yoast.com\/wordpress\/plugins\/seo\/ -->\n<title>Oferujemy: - SHIBART-PRO<\/title>\n<meta name=\"robots\" content=\"index, follow, max-snippet:-1, max-image-preview:large, max-video-preview:-1\" \/>\n<link rel=\"canonical\" href=\"https:\/\/shibartpro.pl\/\" \/>\n<meta property=\"og:locale\" content=\"pl_PL\" \/>\n<meta property=\"og:type\" content=\"article\" \/>\n<meta property=\"og:title\" content=\"Oferujemy: - SHIBART-PRO\" \/>\n<meta property=\"og:description\" content=\"Oryginalne cz\u0119\u015bci samochodowe do napraw powypadkowych. Innowacyjne podej\u015bcie do reklamy wielkoformatowej.\" \/>\n<meta property=\"og:url\" content=\"https:\/\/shibartpro.pl\/\" \/>\n<meta property=\"og:site_name\" content=\"SHIBART-PRO\" \/>\n<meta property=\"article:modified_time\" content=\"2022-01-04T08:30:50+00:00\" \/>\n<meta name=\"twitter:card\" content=\"summary_large_image\" \/>\n<script type=\"application\/ld+json\" class=\"yoast-schema-graph\">{\"@context\":\"https:\/\/schema.org\",\"@graph\":[{\"@type\":\"WebPage\",\"@id\":\"https:\/\/shibartpro.pl\/\",\"url\":\"https:\/\/shibartpro.pl\/\",\"name\":\"Oferujemy: - SHIBART-PRO\",\"isPartOf\":{\"@id\":\"https:\/\/shibartpro.pl\/#website\"},\"datePublished\":\"2019-08-27T14:52:05+00:00\",\"dateModified\":\"2022-01-04T08:30:50+00:00\",\"breadcrumb\":{\"@id\":\"https:\/\/shibartpro.pl\/#breadcrumb\"},\"inLanguage\":\"pl-PL\",\"potentialAction\":[{\"@type\":\"ReadAction\",\"target\":[\"https:\/\/shibartpro.pl\/\"]}]},{\"@type\":\"BreadcrumbList\",\"@id\":\"https:\/\/shibartpro.pl\/#breadcrumb\",\"itemListElement\":[{\"@type\":\"ListItem\",\"position\":1,\"name\":\"Strona g\u0142\u00f3wna\",\"item\":\"https:\/\/shibartpro.pl\/\"},{\"@type\":\"ListItem\",\"position\":2,\"name\":\"Oferujemy:\"}]},{\"@type\":\"WebSite\",\"@id\":\"https:\/\/shibartpro.pl\/#website\",\"url\":\"https:\/\/shibartpro.pl\/\",\"name\":\"SHIBART-PRO\",\"description\":\"\",\"publisher\":{\"@id\":\"https:\/\/shibartpro.pl\/#organization\"},\"potentialAction\":[{\"@type\":\"SearchAction\",\"target\":{\"@type\":\"EntryPoint\",\"urlTemplate\":\"https:\/\/shibartpro.pl\/?s={search_term_string}\"},\"query-input\":{\"@type\":\"PropertyValueSpecification\",\"valueRequired\":true,\"valueName\":\"search_term_string\"}}],\"inLanguage\":\"pl-PL\"},{\"@type\":\"Organization\",\"@id\":\"https:\/\/shibartpro.pl\/#organization\",\"name\":\"SHIBART-PRO\",\"url\":\"https:\/\/shibartpro.pl\/\",\"logo\":{\"@type\":\"ImageObject\",\"inLanguage\":\"pl-PL\",\"@id\":\"https:\/\/shibartpro.pl\/#\/schema\/logo\/image\/\",\"url\":\"https:\/\/shibartpro.pl\/wp-content\/uploads\/2019\/08\/Shibart-pro-logo.png\",\"contentUrl\":\"https:\/\/shibartpro.pl\/wp-content\/uploads\/2019\/08\/Shibart-pro-logo.png\",\"width\":422,\"height\":143,\"caption\":\"SHIBART-PRO\"},\"image\":{\"@id\":\"https:\/\/shibartpro.pl\/#\/schema\/logo\/image\/\"}}]}<\/script>\n<!-- \/ Yoast SEO plugin. -->","yoast_head_json":{"title":"Oferujemy: - SHIBART-PRO","robots":{"index":"index","follow":"follow","max-snippet":"max-snippet:-1","max-image-preview":"max-image-preview:large","max-video-preview":"max-video-preview:-1"},"canonical":"https:\/\/shibartpro.pl\/","og_locale":"pl_PL","og_type":"article","og_title":"Oferujemy: - SHIBART-PRO","og_description":"Oryginalne cz\u0119\u015bci samochodowe do napraw powypadkowych. Innowacyjne podej\u015bcie do reklamy wielkoformatowej.","og_url":"https:\/\/shibartpro.pl\/","og_site_name":"SHIBART-PRO","article_modified_time":"2022-01-04T08:30:50+00:00","twitter_card":"summary_large_image","schema":{"@context":"https:\/\/schema.org","@graph":[{"@type":"WebPage","@id":"https:\/\/shibartpro.pl\/","url":"https:\/\/shibartpro.pl\/","name":"Oferujemy: - SHIBART-PRO","isPartOf":{"@id":"https:\/\/shibartpro.pl\/#website"},"datePublished":"2019-08-27T14:52:05+00:00","dateModified":"2022-01-04T08:30:50+00:00","breadcrumb":{"@id":"https:\/\/shibartpro.pl\/#breadcrumb"},"inLanguage":"pl-PL","potentialAction":[{"@type":"ReadAction","target":["https:\/\/shibartpro.pl\/"]}]},{"@type":"BreadcrumbList","@id":"https:\/\/shibartpro.pl\/#breadcrumb","itemListElement":[{"@type":"ListItem","position":1,"name":"Strona g\u0142\u00f3wna","item":"https:\/\/shibartpro.pl\/"},{"@type":"ListItem","position":2,"name":"Oferujemy:"}]},{"@type":"WebSite","@id":"https:\/\/shibartpro.pl\/#website","url":"https:\/\/shibartpro.pl\/","name":"SHIBART-PRO","description":"","publisher":{"@id":"https:\/\/shibartpro.pl\/#organization"},"potentialAction":[{"@type":"SearchAction","target":{"@type":"EntryPoint","urlTemplate":"https:\/\/shibartpro.pl\/?s={search_term_string}"},"query-input":{"@type":"PropertyValueSpecification","valueRequired":true,"valueName":"search_term_string"}}],"inLanguage":"pl-PL"},{"@type":"Organization","@id":"https:\/\/shibartpro.pl\/#organization","name":"SHIBART-PRO","url":"https:\/\/shibartpro.pl\/","logo":{"@type":"ImageObject","inLanguage":"pl-PL","@id":"https:\/\/shibartpro.pl\/#\/schema\/logo\/image\/","url":"https:\/\/shibartpro.pl\/wp-content\/uploads\/2019\/08\/Shibart-pro-logo.png","contentUrl":"https:\/\/shibartpro.pl\/wp-content\/uploads\/2019\/08\/Shibart-pro-logo.png","width":422,"height":143,"caption":"SHIBART-PRO"},"image":{"@id":"https:\/\/shibartpro.pl\/#\/schema\/logo\/image\/"}}]}},"_links":{"self":[{"href":"https:\/\/shibartpro.pl\/index.php\/wp-json\/wp\/v2\/pages\/9","targetHints":{"allow":["GET"]}}],"collection":[{"href":"https:\/\/shibartpro.pl\/index.php\/wp-json\/wp\/v2\/pages"}],"about":[{"href":"https:\/\/shibartpro.pl\/index.php\/wp-json\/wp\/v2\/types\/page"}],"author":[{"embeddable":true,"href":"https:\/\/shibartpro.pl\/index.php\/wp-json\/wp\/v2\/users\/1"}],"replies":[{"embeddable":true,"href":"https:\/\/shibartpro.pl\/index.php\/wp-json\/wp\/v2\/comments?post=9"}],"version-history":[{"count":7,"href":"https:\/\/shibartpro.pl\/index.php\/wp-json\/wp\/v2\/pages\/9\/revisions"}],"predecessor-version":[{"id":280,"href":"https:\/\/shibartpro.pl\/index.php\/wp-json\/wp\/v2\/pages\/9\/revisions\/280"}],"wp:attachment":[{"href":"https:\/\/shibartpro.pl\/index.php\/wp-json\/wp\/v2\/media?parent=9"}],"curies":[{"name":"wp","href":"https:\/\/api.w.org\/{rel}","templated":true}]}}